{"id":42,"date":"2024-04-23T06:11:20","date_gmt":"2024-04-23T11:11:20","guid":{"rendered":"https:\/\/juancabhip.com\/?page_id=42"},"modified":"2026-01-18T13:28:19","modified_gmt":"2026-01-18T18:28:19","slug":"get-in-touch","status":"publish","type":"page","link":"https:\/\/juancabhip.com\/es\/get-in-touch\/","title":{"rendered":"Cont\u00e1ctame"},"content":{"rendered":"\t\t<div data-elementor-type=\"wp-page\" data-elementor-id=\"42\" class=\"elementor elementor-42\" data-elementor-post-type=\"page\">\n\t\t\t\t<div class=\"elementor-element elementor-element-b4865eb e-con-full e-flex e-con e-parent\" data-id=\"b4865eb\" data-element_type=\"container\" data-e-type=\"container\">\n\t\t\t\t<div class=\"elementor-element elementor-element-e43a113 elementor-widget elementor-widget-image\" data-id=\"e43a113\" data-element_type=\"widget\" data-e-type=\"widget\" data-widget_type=\"image.default\">\n\t\t\t\t<div class=\"elementor-widget-container\">\n\t\t\t\t\t\t\t\t\t\t\t\t\t\t\t<img fetchpriority=\"high\" decoding=\"async\" width=\"2000\" height=\"600\" src=\"https:\/\/juancabhip.com\/wp-content\/uploads\/2024\/04\/get-in-touch-bhip.jpeg\" class=\"attachment-full size-full wp-image-195\" alt=\"\" srcset=\"https:\/\/juancabhip.com\/wp-content\/uploads\/2024\/04\/get-in-touch-bhip.jpeg 2000w, https:\/\/juancabhip.com\/wp-content\/uploads\/2024\/04\/get-in-touch-bhip-300x90.jpeg 300w, https:\/\/juancabhip.com\/wp-content\/uploads\/2024\/04\/get-in-touch-bhip-1024x307.jpeg 1024w, https:\/\/juancabhip.com\/wp-content\/uploads\/2024\/04\/get-in-touch-bhip-768x230.jpeg 768w, https:\/\/juancabhip.com\/wp-content\/uploads\/2024\/04\/get-in-touch-bhip-1536x461.jpeg 1536w\" sizes=\"(max-width: 2000px) 100vw, 2000px\" \/>\t\t\t\t\t\t\t\t\t\t\t\t\t\t\t<\/div>\n\t\t\t\t<\/div>\n\t\t\t\t<\/div>\n\t\t<div class=\"elementor-element elementor-element-737849a e-flex e-con-boxed e-con e-parent\" data-id=\"737849a\" data-element_type=\"container\" data-e-type=\"container\">\n\t\t\t\t\t<div class=\"e-con-inner\">\n\t\t\t\t<div class=\"elementor-element elementor-element-e6bb04e elementor-widget elementor-widget-heading\" data-id=\"e6bb04e\" data-element_type=\"widget\" data-e-type=\"widget\" data-widget_type=\"heading.default\">\n\t\t\t\t<div class=\"elementor-widget-container\">\n\t\t\t\t\t<h2 class=\"elementor-heading-title elementor-size-default\">Con\u00e9ctate con Juan Carlos Medell\u00edn<\/h2>\t\t\t\t<\/div>\n\t\t\t\t<\/div>\n\t\t\t\t<div class=\"elementor-element elementor-element-f02da42 elementor-widget elementor-widget-text-editor\" data-id=\"f02da42\" data-element_type=\"widget\" data-e-type=\"widget\" data-widget_type=\"text-editor.default\">\n\t\t\t\t<div class=\"elementor-widget-container\">\n\t\t\t\t\t\t\t\t\t<p>Si est\u00e1s interesado en aprender sobre el <strong data-start=\"727\" data-end=\"741\">GDP System<\/strong>, conocer m\u00e1s sobre <strong data-start=\"761\" data-end=\"769\">bHIP<\/strong>, explorar oportunidades de negocio global o simplemente conectar con Juan Carlos, est\u00e1s en el lugar correcto.<\/p>\t\t\t\t\t\t\t\t<\/div>\n\t\t\t\t<\/div>\n\t\t\t\t\t<\/div>\n\t\t\t\t<\/div>\n\t\t<div class=\"elementor-element elementor-element-8299062 e-flex e-con-boxed e-con e-parent\" data-id=\"8299062\" data-element_type=\"container\" data-e-type=\"container\">\n\t\t\t\t\t<div class=\"e-con-inner\">\n\t\t\t\t<div class=\"elementor-element elementor-element-425eb43 elementor-widget elementor-widget-heading\" data-id=\"425eb43\" data-element_type=\"widget\" data-e-type=\"widget\" data-widget_type=\"heading.default\">\n\t\t\t\t<div class=\"elementor-widget-container\">\n\t\t\t\t\t<h2 class=\"elementor-heading-title elementor-size-default\">HOW CAN I HELP YOU?<\/h2>\t\t\t\t<\/div>\n\t\t\t\t<\/div>\n\t\t<div class=\"elementor-element elementor-element-75f19a5 e-grid e-con-full e-con e-child\" data-id=\"75f19a5\" data-element_type=\"container\" data-e-type=\"container\">\n\t\t\t\t<div class=\"elementor-element elementor-element-234b61e elementor-widget elementor-widget-heading\" data-id=\"234b61e\" data-element_type=\"widget\" data-e-type=\"widget\" data-widget_type=\"heading.default\">\n\t\t\t\t<div class=\"elementor-widget-container\">\n\t\t\t\t\t<h2 class=\"elementor-heading-title elementor-size-default\">Unirte al GDP System<\/h2>\t\t\t\t<\/div>\n\t\t\t\t<\/div>\n\t\t\t\t<div class=\"elementor-element elementor-element-fd9a12e elementor-widget elementor-widget-text-editor\" data-id=\"fd9a12e\" data-element_type=\"widget\" data-e-type=\"widget\" data-widget_type=\"text-editor.default\">\n\t\t\t\t<div class=\"elementor-widget-container\">\n\t\t\t\t\t\t\t\t\t<p>Aprende a construir un negocio global con estrategias digitales y distribuci\u00f3n de productos reales.<\/p>\t\t\t\t\t\t\t\t<\/div>\n\t\t\t\t<\/div>\n\t\t\t\t<div class=\"elementor-element elementor-element-acc5a10 elementor-widget elementor-widget-heading\" data-id=\"acc5a10\" data-element_type=\"widget\" data-e-type=\"widget\" data-widget_type=\"heading.default\">\n\t\t\t\t<div class=\"elementor-widget-container\">\n\t\t\t\t\t<h2 class=\"elementor-heading-title elementor-size-default\">Conocer bHIP<\/h2>\t\t\t\t<\/div>\n\t\t\t\t<\/div>\n\t\t\t\t<div class=\"elementor-element elementor-element-0ab2c37 elementor-widget elementor-widget-text-editor\" data-id=\"0ab2c37\" data-element_type=\"widget\" data-e-type=\"widget\" data-widget_type=\"text-editor.default\">\n\t\t\t\t<div class=\"elementor-widget-container\">\n\t\t\t\t\t\t\t\t\t<p>Comprende el modelo de negocio, productos y oportunidades con informaci\u00f3n transparente.<\/p>\t\t\t\t\t\t\t\t<\/div>\n\t\t\t\t<\/div>\n\t\t\t\t<div class=\"elementor-element elementor-element-c29b484 elementor-widget elementor-widget-heading\" data-id=\"c29b484\" data-element_type=\"widget\" data-e-type=\"widget\" data-widget_type=\"heading.default\">\n\t\t\t\t<div class=\"elementor-widget-container\">\n\t\t\t\t\t<h2 class=\"elementor-heading-title elementor-size-default\">Colaboraciones<\/h2>\t\t\t\t<\/div>\n\t\t\t\t<\/div>\n\t\t\t\t<div class=\"elementor-element elementor-element-ca5b3e8 elementor-widget elementor-widget-text-editor\" data-id=\"ca5b3e8\" data-element_type=\"widget\" data-e-type=\"widget\" data-widget_type=\"text-editor.default\">\n\t\t\t\t<div class=\"elementor-widget-container\">\n\t\t\t\t\t\t\t\t\t<p>Para alianzas, eventos o proyectos estrat\u00e9gicos.<\/p>\t\t\t\t\t\t\t\t<\/div>\n\t\t\t\t<\/div>\n\t\t\t\t<div class=\"elementor-element elementor-element-5be5826 elementor-widget elementor-widget-heading\" data-id=\"5be5826\" data-element_type=\"widget\" data-e-type=\"widget\" data-widget_type=\"heading.default\">\n\t\t\t\t<div class=\"elementor-widget-container\">\n\t\t\t\t\t<h2 class=\"elementor-heading-title elementor-size-default\">Atenci\u00f3n al Cliente<\/h2>\t\t\t\t<\/div>\n\t\t\t\t<\/div>\n\t\t\t\t<div class=\"elementor-element elementor-element-f605157 elementor-widget elementor-widget-text-editor\" data-id=\"f605157\" data-element_type=\"widget\" data-e-type=\"widget\" data-widget_type=\"text-editor.default\">\n\t\t\t\t<div class=\"elementor-widget-container\">\n\t\t\t\t\t\t\t\t\t<p>Para preguntas sobre productos o soporte a distribuidores.<\/p>\t\t\t\t\t\t\t\t<\/div>\n\t\t\t\t<\/div>\n\t\t\t\t<\/div>\n\t\t\t\t\t<\/div>\n\t\t\t\t<\/div>\n\t\t<div class=\"elementor-element elementor-element-2429707 e-flex e-con-boxed e-con e-parent\" data-id=\"2429707\" data-element_type=\"container\" data-e-type=\"container\">\n\t\t\t\t\t<div class=\"e-con-inner\">\n\t\t\t\t<div class=\"elementor-element elementor-element-91ed041 elementor-widget elementor-widget-text-editor\" data-id=\"91ed041\" data-element_type=\"widget\" data-e-type=\"widget\" data-widget_type=\"text-editor.default\">\n\t\t\t\t<div class=\"elementor-widget-container\">\n\t\t\t\t\t\t\t\t\t<p>S\u00edgueme para contenido de liderazgo, negocios y el GDP System.<\/p>\t\t\t\t\t\t\t\t<\/div>\n\t\t\t\t<\/div>\n\t\t\t\t<div class=\"elementor-element elementor-element-dacdfd0 elementor-shape-circle elementor-grid-0 e-grid-align-center elementor-widget elementor-widget-social-icons\" data-id=\"dacdfd0\" data-element_type=\"widget\" data-e-type=\"widget\" data-widget_type=\"social-icons.default\">\n\t\t\t\t<div class=\"elementor-widget-container\">\n\t\t\t\t\t\t\t<div class=\"elementor-social-icons-wrapper elementor-grid\">\n\t\t\t\t\t\t\t<span class=\"elementor-grid-item\">\n\t\t\t\t\t<a class=\"elementor-icon elementor-social-icon elementor-social-icon-instagram elementor-repeater-item-1b7032d\" href=\"https:\/\/www.instagram.com\/juancarlosmedelliin\/\" target=\"_blank\">\n\t\t\t\t\t\t<span class=\"elementor-screen-only\">Instagram<\/span>\n\t\t\t\t\t\t<svg aria-hidden=\"true\" class=\"e-font-icon-svg e-fab-instagram\" viewBox=\"0 0 448 512\" xmlns=\"http:\/\/www.w3.org\/2000\/svg\"><path d=\"M224.1 141c-63.6 0-114.9 51.3-114.9 114.9s51.3 114.9 114.9 114.9S339 319.5 339 255.9 287.7 141 224.1 141zm0 189.6c-41.1 0-74.7-33.5-74.7-74.7s33.5-74.7 74.7-74.7 74.7 33.5 74.7 74.7-33.6 74.7-74.7 74.7zm146.4-194.3c0 14.9-12 26.8-26.8 26.8-14.9 0-26.8-12-26.8-26.8s12-26.8 26.8-26.8 26.8 12 26.8 26.8zm76.1 27.2c-1.7-35.9-9.9-67.7-36.2-93.9-26.2-26.2-58-34.4-93.9-36.2-37-2.1-147.9-2.1-184.9 0-35.8 1.7-67.6 9.9-93.9 36.1s-34.4 58-36.2 93.9c-2.1 37-2.1 147.9 0 184.9 1.7 35.9 9.9 67.7 36.2 93.9s58 34.4 93.9 36.2c37 2.1 147.9 2.1 184.9 0 35.9-1.7 67.7-9.9 93.9-36.2 26.2-26.2 34.4-58 36.2-93.9 2.1-37 2.1-147.8 0-184.8zM398.8 388c-7.8 19.6-22.9 34.7-42.6 42.6-29.5 11.7-99.5 9-132.1 9s-102.7 2.6-132.1-9c-19.6-7.8-34.7-22.9-42.6-42.6-11.7-29.5-9-99.5-9-132.1s-2.6-102.7 9-132.1c7.8-19.6 22.9-34.7 42.6-42.6 29.5-11.7 99.5-9 132.1-9s102.7-2.6 132.1 9c19.6 7.8 34.7 22.9 42.6 42.6 11.7 29.5 9 99.5 9 132.1s2.7 102.7-9 132.1z\"><\/path><\/svg>\t\t\t\t\t<\/a>\n\t\t\t\t<\/span>\n\t\t\t\t\t<\/div>\n\t\t\t\t\t\t<\/div>\n\t\t\t\t<\/div>\n\t\t\t\t\t<\/div>\n\t\t\t\t<\/div>\n\t\t<div class=\"elementor-element elementor-element-7556d9b e-flex e-con-boxed e-con e-parent\" data-id=\"7556d9b\" data-element_type=\"container\" data-e-type=\"container\">\n\t\t\t\t\t<div class=\"e-con-inner\">\n\t\t<div class=\"elementor-element elementor-element-5d6b98f e-con-full e-flex e-con e-child\" data-id=\"5d6b98f\" data-element_type=\"container\" data-e-type=\"container\">\n\t\t\t\t<div class=\"elementor-element elementor-element-fa9f709 elementor-widget elementor-widget-text-editor\" data-id=\"fa9f709\" data-element_type=\"widget\" data-e-type=\"widget\" data-widget_type=\"text-editor.default\">\n\t\t\t\t<div class=\"elementor-widget-container\">\n\t\t\t\t\t\t\t\t\t<p data-start=\"3905\" data-end=\"3968\">\ud83c\udf0d <strong data-start=\"3908\" data-end=\"3927\">Ubicaci\u00f3n base:<\/strong><br data-start=\"3927\" data-end=\"3930\" \/>M\u00e9xico \/ Colombia (operaci\u00f3n global)<\/p><p data-start=\"3970\" data-end=\"4018\">\u23f3 <strong data-start=\"3972\" data-end=\"3996\">Tiempo de respuesta:<\/strong><br data-start=\"3996\" data-end=\"3999\" \/>24\u201348 horas h\u00e1biles<\/p>\t\t\t\t\t\t\t\t<\/div>\n\t\t\t\t<\/div>\n\t\t\t\t<\/div>\n\t\t<div class=\"elementor-element elementor-element-2197da1 e-con-full e-flex e-con e-child\" data-id=\"2197da1\" data-element_type=\"container\" data-e-type=\"container\">\n\t\t\t\t<div class=\"elementor-element elementor-element-12a83bb elementor-widget elementor-widget-text-editor\" data-id=\"12a83bb\" data-element_type=\"widget\" data-e-type=\"widget\" data-widget_type=\"text-editor.default\">\n\t\t\t\t<div class=\"elementor-widget-container\">\n\t\t\t\t\t\t\t\t\t<p><strong data-start=\"191\" data-end=\"231\">1) \u00bfC\u00f3mo puedo unirme al GDP System?<\/strong><br data-start=\"231\" data-end=\"234\" \/>Env\u00edame un <strong data-start=\"248\" data-end=\"276\">DM directo por Instagram<\/strong> y mi equipo te orientar\u00e1 paso a paso.<\/p><p data-start=\"4762\" data-end=\"4865\"><strong data-start=\"4762\" data-end=\"4798\">2) \u00bfNecesito experiencia previa?<\/strong><br data-start=\"4798\" data-end=\"4801\" \/>No. El sistema est\u00e1 dise\u00f1ado para principiantes y profesionales.<\/p><p data-start=\"4867\" data-end=\"4942\"><strong data-start=\"4867\" data-end=\"4911\">3) \u00bfPuedo trabajar desde cualquier pa\u00eds?<\/strong><br data-start=\"4911\" data-end=\"4914\" \/>S\u00ed. El GDP System es global.<\/p><p data-start=\"4944\" data-end=\"5028\"><strong data-start=\"4944\" data-end=\"4971\">4) \u00bfHay costos ocultos?<\/strong><br data-start=\"4971\" data-end=\"4974\" \/>No. Toda la informaci\u00f3n se comparte con transparencia.<\/p>\t\t\t\t\t\t\t\t<\/div>\n\t\t\t\t<\/div>\n\t\t\t\t<\/div>\n\t\t\t\t\t<\/div>\n\t\t\t\t<\/div>\n\t\t\t\t<\/div>\n\t\t","protected":false},"excerpt":{"rendered":"<p>Con\u00e9ctate con Juan Carlos Medell\u00edn Si est\u00e1s interesado en aprender sobre el GDP System, conocer m\u00e1s sobre bHIP, explorar oportunidades de negocio global o simplemente conectar con Juan Carlos, est\u00e1s en el lugar correcto. HOW CAN I HELP YOU? Unirte al GDP System Aprende a construir un negocio global con estrategias digitales y distribuci\u00f3n de [&hellip;]<\/p>\n","protected":false},"author":1,"featured_media":0,"parent":0,"menu_order":60,"comment_status":"closed","ping_status":"closed","template":"","meta":{"footnotes":""},"class_list":["post-42","page","type-page","status-publish","hentry"],"yoast_head":"<!-- This site is optimized with the Yoast SEO plugin v27.5 - https:\/\/yoast.com\/product\/yoast-seo-wordpress\/ -->\n<title>Contactar a Juan Carlos Medell\u00edn | GDP System y bHIP<\/title>\n<meta name=\"description\" content=\"Con\u00e9ctate con Juan Carlos Medell\u00edn para conocer el GDP System, bHIP y oportunidades de negocio global. Env\u00edale un DM por Instagram hoy.\" \/>\n<meta name=\"robots\" content=\"index, follow, max-snippet:-1, max-image-preview:large, max-video-preview:-1\" \/>\n<link rel=\"canonical\" href=\"https:\/\/juancabhip.com\/es\/get-in-touch\/\" \/>\n<meta property=\"og:locale\" content=\"es_ES\" \/>\n<meta property=\"og:type\" content=\"article\" \/>\n<meta property=\"og:title\" content=\"Contactar a Juan Carlos Medell\u00edn | GDP System y bHIP\" \/>\n<meta property=\"og:description\" content=\"Con\u00e9ctate con Juan Carlos Medell\u00edn para conocer el GDP System, bHIP y oportunidades de negocio global. Env\u00edale un DM por Instagram hoy.\" \/>\n<meta property=\"og:url\" content=\"https:\/\/juancabhip.com\/es\/get-in-touch\/\" \/>\n<meta property=\"og:site_name\" content=\"Juan Carlos Medell\u00edn\" \/>\n<meta property=\"article:modified_time\" content=\"2026-01-18T18:28:19+00:00\" \/>\n<meta property=\"og:image\" content=\"https:\/\/juancabhip.com\/wp-content\/uploads\/2024\/04\/get-in-touch-bhip.jpeg\" \/>\n<meta name=\"twitter:card\" content=\"summary_large_image\" \/>\n<meta name=\"twitter:label1\" content=\"Tiempo de lectura\" \/>\n\t<meta name=\"twitter:data1\" content=\"1 minuto\" \/>\n<script type=\"application\/ld+json\" class=\"yoast-schema-graph\">{\"@context\":\"https:\\\/\\\/schema.org\",\"@graph\":[{\"@type\":\"WebPage\",\"@id\":\"https:\\\/\\\/juancabhip.com\\\/es\\\/get-in-touch\\\/\",\"url\":\"https:\\\/\\\/juancabhip.com\\\/es\\\/get-in-touch\\\/\",\"name\":\"Contactar a Juan Carlos Medell\u00edn | GDP System y bHIP\",\"isPartOf\":{\"@id\":\"https:\\\/\\\/juancabhip.com\\\/es\\\/#website\"},\"primaryImageOfPage\":{\"@id\":\"https:\\\/\\\/juancabhip.com\\\/es\\\/get-in-touch\\\/#primaryimage\"},\"image\":{\"@id\":\"https:\\\/\\\/juancabhip.com\\\/es\\\/get-in-touch\\\/#primaryimage\"},\"thumbnailUrl\":\"https:\\\/\\\/juancabhip.com\\\/wp-content\\\/uploads\\\/2024\\\/04\\\/get-in-touch-bhip.jpeg\",\"datePublished\":\"2024-04-23T11:11:20+00:00\",\"dateModified\":\"2026-01-18T18:28:19+00:00\",\"description\":\"Con\u00e9ctate con Juan Carlos Medell\u00edn para conocer el GDP System, bHIP y oportunidades de negocio global. Env\u00edale un DM por Instagram hoy.\",\"breadcrumb\":{\"@id\":\"https:\\\/\\\/juancabhip.com\\\/es\\\/get-in-touch\\\/#breadcrumb\"},\"inLanguage\":\"es\",\"potentialAction\":[{\"@type\":\"ReadAction\",\"target\":[\"https:\\\/\\\/juancabhip.com\\\/es\\\/get-in-touch\\\/\"]}]},{\"@type\":\"ImageObject\",\"inLanguage\":\"es\",\"@id\":\"https:\\\/\\\/juancabhip.com\\\/es\\\/get-in-touch\\\/#primaryimage\",\"url\":\"https:\\\/\\\/juancabhip.com\\\/wp-content\\\/uploads\\\/2024\\\/04\\\/get-in-touch-bhip.jpeg\",\"contentUrl\":\"https:\\\/\\\/juancabhip.com\\\/wp-content\\\/uploads\\\/2024\\\/04\\\/get-in-touch-bhip.jpeg\"},{\"@type\":\"BreadcrumbList\",\"@id\":\"https:\\\/\\\/juancabhip.com\\\/es\\\/get-in-touch\\\/#breadcrumb\",\"itemListElement\":[{\"@type\":\"ListItem\",\"position\":1,\"name\":\"Home\",\"item\":\"https:\\\/\\\/juancabhip.com\\\/es\\\/\"},{\"@type\":\"ListItem\",\"position\":2,\"name\":\"Cont\u00e1ctame\"}]},{\"@type\":\"WebSite\",\"@id\":\"https:\\\/\\\/juancabhip.com\\\/es\\\/#website\",\"url\":\"https:\\\/\\\/juancabhip.com\\\/es\\\/\",\"name\":\"Juan Carlos Medell\u00edn\",\"description\":\"Diamond Leader in bHIP | Global Entrepreneur\",\"publisher\":{\"@id\":\"https:\\\/\\\/juancabhip.com\\\/es\\\/#organization\"},\"potentialAction\":[{\"@type\":\"SearchAction\",\"target\":{\"@type\":\"EntryPoint\",\"urlTemplate\":\"https:\\\/\\\/juancabhip.com\\\/es\\\/?s={search_term_string}\"},\"query-input\":{\"@type\":\"PropertyValueSpecification\",\"valueRequired\":true,\"valueName\":\"search_term_string\"}}],\"inLanguage\":\"es\"},{\"@type\":\"Organization\",\"@id\":\"https:\\\/\\\/juancabhip.com\\\/es\\\/#organization\",\"name\":\"Juan Carlos Medell\u00edn\",\"url\":\"https:\\\/\\\/juancabhip.com\\\/es\\\/\",\"logo\":{\"@type\":\"ImageObject\",\"inLanguage\":\"es\",\"@id\":\"https:\\\/\\\/juancabhip.com\\\/es\\\/#\\\/schema\\\/logo\\\/image\\\/\",\"url\":\"https:\\\/\\\/juancabhip.com\\\/wp-content\\\/uploads\\\/2026\\\/01\\\/cropped-ChatGPT-Image-Jan-17-2026-11_59_52-PM.png\",\"contentUrl\":\"https:\\\/\\\/juancabhip.com\\\/wp-content\\\/uploads\\\/2026\\\/01\\\/cropped-ChatGPT-Image-Jan-17-2026-11_59_52-PM.png\",\"width\":1535,\"height\":439,\"caption\":\"Juan Carlos Medell\u00edn\"},\"image\":{\"@id\":\"https:\\\/\\\/juancabhip.com\\\/es\\\/#\\\/schema\\\/logo\\\/image\\\/\"}}]}<\/script>\n<!-- \/ Yoast SEO plugin. -->","yoast_head_json":{"title":"Contactar a Juan Carlos Medell\u00edn | GDP System y bHIP","description":"Con\u00e9ctate con Juan Carlos Medell\u00edn para conocer el GDP System, bHIP y oportunidades de negocio global. Env\u00edale un DM por Instagram hoy.","robots":{"index":"index","follow":"follow","max-snippet":"max-snippet:-1","max-image-preview":"max-image-preview:large","max-video-preview":"max-video-preview:-1"},"canonical":"https:\/\/juancabhip.com\/es\/get-in-touch\/","og_locale":"es_ES","og_type":"article","og_title":"Contactar a Juan Carlos Medell\u00edn | GDP System y bHIP","og_description":"Con\u00e9ctate con Juan Carlos Medell\u00edn para conocer el GDP System, bHIP y oportunidades de negocio global. Env\u00edale un DM por Instagram hoy.","og_url":"https:\/\/juancabhip.com\/es\/get-in-touch\/","og_site_name":"Juan Carlos Medell\u00edn","article_modified_time":"2026-01-18T18:28:19+00:00","og_image":[{"url":"https:\/\/juancabhip.com\/wp-content\/uploads\/2024\/04\/get-in-touch-bhip.jpeg","type":"","width":"","height":""}],"twitter_card":"summary_large_image","twitter_misc":{"Tiempo de lectura":"1 minuto"},"schema":{"@context":"https:\/\/schema.org","@graph":[{"@type":"WebPage","@id":"https:\/\/juancabhip.com\/es\/get-in-touch\/","url":"https:\/\/juancabhip.com\/es\/get-in-touch\/","name":"Contactar a Juan Carlos Medell\u00edn | GDP System y bHIP","isPartOf":{"@id":"https:\/\/juancabhip.com\/es\/#website"},"primaryImageOfPage":{"@id":"https:\/\/juancabhip.com\/es\/get-in-touch\/#primaryimage"},"image":{"@id":"https:\/\/juancabhip.com\/es\/get-in-touch\/#primaryimage"},"thumbnailUrl":"https:\/\/juancabhip.com\/wp-content\/uploads\/2024\/04\/get-in-touch-bhip.jpeg","datePublished":"2024-04-23T11:11:20+00:00","dateModified":"2026-01-18T18:28:19+00:00","description":"Con\u00e9ctate con Juan Carlos Medell\u00edn para conocer el GDP System, bHIP y oportunidades de negocio global. Env\u00edale un DM por Instagram hoy.","breadcrumb":{"@id":"https:\/\/juancabhip.com\/es\/get-in-touch\/#breadcrumb"},"inLanguage":"es","potentialAction":[{"@type":"ReadAction","target":["https:\/\/juancabhip.com\/es\/get-in-touch\/"]}]},{"@type":"ImageObject","inLanguage":"es","@id":"https:\/\/juancabhip.com\/es\/get-in-touch\/#primaryimage","url":"https:\/\/juancabhip.com\/wp-content\/uploads\/2024\/04\/get-in-touch-bhip.jpeg","contentUrl":"https:\/\/juancabhip.com\/wp-content\/uploads\/2024\/04\/get-in-touch-bhip.jpeg"},{"@type":"BreadcrumbList","@id":"https:\/\/juancabhip.com\/es\/get-in-touch\/#breadcrumb","itemListElement":[{"@type":"ListItem","position":1,"name":"Home","item":"https:\/\/juancabhip.com\/es\/"},{"@type":"ListItem","position":2,"name":"Cont\u00e1ctame"}]},{"@type":"WebSite","@id":"https:\/\/juancabhip.com\/es\/#website","url":"https:\/\/juancabhip.com\/es\/","name":"Juan Carlos Medell\u00edn","description":"Diamond Leader in bHIP | Global Entrepreneur","publisher":{"@id":"https:\/\/juancabhip.com\/es\/#organization"},"potentialAction":[{"@type":"SearchAction","target":{"@type":"EntryPoint","urlTemplate":"https:\/\/juancabhip.com\/es\/?s={search_term_string}"},"query-input":{"@type":"PropertyValueSpecification","valueRequired":true,"valueName":"search_term_string"}}],"inLanguage":"es"},{"@type":"Organization","@id":"https:\/\/juancabhip.com\/es\/#organization","name":"Juan Carlos Medell\u00edn","url":"https:\/\/juancabhip.com\/es\/","logo":{"@type":"ImageObject","inLanguage":"es","@id":"https:\/\/juancabhip.com\/es\/#\/schema\/logo\/image\/","url":"https:\/\/juancabhip.com\/wp-content\/uploads\/2026\/01\/cropped-ChatGPT-Image-Jan-17-2026-11_59_52-PM.png","contentUrl":"https:\/\/juancabhip.com\/wp-content\/uploads\/2026\/01\/cropped-ChatGPT-Image-Jan-17-2026-11_59_52-PM.png","width":1535,"height":439,"caption":"Juan Carlos Medell\u00edn"},"image":{"@id":"https:\/\/juancabhip.com\/es\/#\/schema\/logo\/image\/"}}]}},"_links":{"self":[{"href":"https:\/\/juancabhip.com\/es\/wp-json\/wp\/v2\/pages\/42","targetHints":{"allow":["GET"]}}],"collection":[{"href":"https:\/\/juancabhip.com\/es\/wp-json\/wp\/v2\/pages"}],"about":[{"href":"https:\/\/juancabhip.com\/es\/wp-json\/wp\/v2\/types\/page"}],"author":[{"embeddable":true,"href":"https:\/\/juancabhip.com\/es\/wp-json\/wp\/v2\/users\/1"}],"replies":[{"embeddable":true,"href":"https:\/\/juancabhip.com\/es\/wp-json\/wp\/v2\/comments?post=42"}],"version-history":[{"count":26,"href":"https:\/\/juancabhip.com\/es\/wp-json\/wp\/v2\/pages\/42\/revisions"}],"predecessor-version":[{"id":385,"href":"https:\/\/juancabhip.com\/es\/wp-json\/wp\/v2\/pages\/42\/revisions\/385"}],"wp:attachment":[{"href":"https:\/\/juancabhip.com\/es\/wp-json\/wp\/v2\/media?parent=42"}],"curies":[{"name":"wp","href":"https:\/\/api.w.org\/{rel}","templated":true}]}}